{"id":14943,"date":"2023-02-01T10:13:15","date_gmt":"2023-02-01T09:13:15","guid":{"rendered":"https:\/\/claritashop.com\/?post_type=product&#038;p=14943"},"modified":"2023-12-27T11:19:43","modified_gmt":"2023-12-27T10:19:43","slug":"the-gelee-mask","status":"publish","type":"product","link":"https:\/\/josevillamizar.es\/en\/lioh-en\/nourish-en\/the-gelee-mask\/","title":{"rendered":"The Gelee Mask"},"content":{"rendered":"<p><strong>The Gelee Mask<\/strong>\u00a0es una mascarilla a base de manteca de Murumuru y aceites esenciales que aporta todos los nutrientes, vitaminas, prote\u00ednas y \u00e1cidos grasos que el cabello necesita para restaurar y mantener una salud, suavidad, brillo y resistencia \u00f3ptimos. Forma una barrera de protecci\u00f3n que ayuda a reducir los da\u00f1os futuros ocasionados por la acci\u00f3n de radicales libres, rozamiento, cepillado, calor y qu\u00edmicos.<\/p>\n<p>&nbsp;<\/p>\n<p><strong><span><a onclick=\"read_toggle(1724033341, 'READ MORE +', 'READ LESS -'); return false;\" class=\"read-link\" id=\"readlink1724033341\" style=\"readlink\" href=\"#\">READ MORE +<\/a><\/span>\n<div class=\"read_div\" id=\"read1724033341\" style=\"display: none;\"><\/strong><\/p>\n<p><strong>MODO DE EMPLEO<\/strong><\/p>\n<ul>\n<li>Uso en mojado: Con el cabello limpio, aplicar mech\u00f3n por mech\u00f3n, insistiendo mas en la zona de medios y puntas, peinar para repartir uniformemente y dejar actuar entre 5 y 10 minutos.<\/li>\n<li>Uso en seco Pre-Shampoo: Aplicar sobre cabello seco, mech\u00f3n por mech\u00f3n, insistiendo mas en la zona de medios y puntas, peinar para repartir uniformemente, envolver en una toalla h\u00fameda caliente y dejar actuar 30 min. Despu\u00e9s enjuaga y lava con normalidad.<\/li>\n<li>Uso por la noche: Con el cabello limpio, aplicar mech\u00f3n por mech\u00f3n, insistiendo mas en la zona de medios y puntas, peinar para repartir uniformemente, dormir con un gorro de ducha. Por la ma\u00f1ana enjuaga y lava con normalidad.<\/li>\n<\/ul>\n<p><strong>BENEFICIOS<br \/>\n<\/strong><\/p>\n<ul>\n<li>Testado dermatol\u00f3gicamente.<\/li>\n<li>Vegano.<\/li>\n<\/ul>\n<p><strong>Ingredientes principales:<\/strong><\/p>\n<ul>\n<li>MANTECA DE MURUMURU: Rica en \u00c1cidos grasos y Vitaminas, mantiene la humedad, hidrata, nutre, reduce el frizz y aumenta la elasticidad, evitando as\u00ed la rotura.<\/li>\n<li>ACEITE DE ESPUMA DE PRADO: Hidrata y rejuvenece el cabello, forma una barrera h\u00eddrica que evita la deshidrataci\u00f3n, de r\u00e1pida absorci\u00f3n y bajo peso molecular.<\/li>\n<li>ACEITE DE PIMIENTA ROSA: Rica en flavonoides, es un potente antioxidante y reparador de agresiones, a la vez que estimula. Proporciona suavidad, brillo ligeros, reduce el frizz y facilita el peinado.<\/li>\n<li>ACEITE DE LINO: Alta concentraci\u00f3n de \u00e1cidos grasos Omega-3 y Alfa-linoleico, que promueven una correcta regeneraci\u00f3n celular, reduce el estr\u00e9s oxidativo y estimula la creaci\u00f3n de colageno. Contiene Vitaminas E,A,B,D,K,F. Mantiene la humedad, evita la rotura, la sequedad y el frizz.<\/li>\n<li>AMARANTO: Fortalece, flexibiliza y nos aporta gran protecci\u00f3n.<\/li>\n<li>ACEITE DE INCIENSO: Activa la renovaci\u00f3n celular, hidrata, suaviza, es antioxidante y calmante.<\/li>\n<li>ACEITE DE CLAVO: Bactericida, estimula la micro circulaci\u00f3n sangu\u00ednea y el crecimiento, fortalece y engrosa el cabello.<\/li>\n<li>ACEITE DE ABISINIA: Hidrata, protege y flexibiliza.<\/li>\n<li>ESTERES DE ACEITE DE OLIVA: Emoliente, Suaviza y acondiciona.<\/li>\n<li>FITOESTEROLES VEGETALES: Estimulan el crecimiento, reduce la ca\u00edda y evitan el afinamiento del cabello, suaviza desde el interior y reduce la electricidad est\u00e1tica.<\/li>\n<\/ul>\n<p><strong>Lista completa de ingredientes:<\/strong><\/p>\n<p>Aqua, Cetearyl Alcohol, Glycerin, Propanediol, Cetyl Alcohol , Astrocaryum Murumuru Seed Butter, Benzyl Alcohol**, Limnanthes Alba (Meadowfoam) Seed Oil, Behenamidopropyl Dimethylamine, Schinus terebinthifolia seed extract, Linum Usitatissimum Seed Extract, Amaranthus Hypochondriacus Leaf Extract, Boswellia Carterii Oil, Eugenia Caroyphyllus Leaf Oil, Crambe Abyssinica Seed Oil, Oleyl Alcohol , Phytosterols, Triheptanoin , C13- C15 Alkane, Lactic Acid, Cetrimonium Chloride, Behentrimonium Chloride, Guar Hydroxypropyltrimonium Chloride, Parfum, Tocopherol, Glycine Soja Oil, Sodium Phytate, Citric Acid, Sodium Benzoate, Potassium Sorbate, Dehydroacetic Acid, Limonene**, Eugenol**, Linalool**, Coumarin**.<\/p>\n<p>**Ingrediente natural de los perfumes y aceites esenciales.<\/p>\n<p><strong><\/div><\/strong><\/p>\n<p>&nbsp;<\/p>\n","protected":false},"excerpt":{"rendered":"<p><strong>The Gelee Mask<\/strong>\u00a0es una mascarilla a base de manteca de Murumuru y aceites esenciales que aporta todos los nutrientes, vitaminas, prote\u00ednas y \u00e1cidos grasos que el cabello necesita para restaurar y mantener una salud, suavidad, brillo y resistencia \u00f3ptimos. Forma una barrera de protecci\u00f3n que ayuda a reducir los da\u00f1os futuros ocasionados por la acci\u00f3n de radicales libres, rozamiento, cepillado, calor y qu\u00edmicos.<\/p>\n","protected":false},"featured_media":15216,"comment_status":"open","ping_status":"closed","template":"","meta":{"_uf_show_specific_survey":0,"_uf_disable_surveys":false,"_joinchat":[]},"product_cat":[356,340,357,358,353,339,424,423,345,426,351],"product_tag":[],"yoast_head":"<!-- This site is optimized with the Yoast SEO plugin v22.6 - https:\/\/yoast.com\/wordpress\/plugins\/seo\/ -->\n<title>The Gelee Mask - Clarita Shop Online<\/title>\n<meta name=\"description\" content=\"The Gelee Mask es una mascarilla a base de aceites esenciales que aporta todos los nutrientes, vitaminas y \u00e1cidos grasos que el cabello necesita.\" \/>\n<meta name=\"robots\" content=\"noindex, follow, max-snippet:-1, max-image-preview:large, max-video-preview:-1\" \/>\n<meta property=\"og:locale\" content=\"en_US\" \/>\n<meta property=\"og:type\" content=\"article\" \/>\n<meta property=\"og:title\" content=\"The Gelee Mask - Clarita Shop Online\" \/>\n<meta property=\"og:description\" content=\"The Gelee Mask es una mascarilla a base de aceites esenciales que aporta todos los nutrientes, vitaminas y \u00e1cidos grasos que el cabello necesita.\" \/>\n<meta property=\"og:url\" content=\"https:\/\/josevillamizar.es\/en\/lioh-en\/nourish-en\/the-gelee-mask\/\" \/>\n<meta property=\"og:site_name\" content=\"Clarita Shop Online\" \/>\n<meta property=\"article:publisher\" content=\"https:\/\/www.facebook.com\/Claritashoponline\/\" \/>\n<meta property=\"article:modified_time\" content=\"2023-12-27T10:19:43+00:00\" \/>\n<meta property=\"og:image\" content=\"https:\/\/claritashop.com\/wp-content\/uploads\/2023\/02\/The-Gelee-Mask-250ml-1000ml.jpg\" \/>\n\t<meta property=\"og:image:width\" content=\"2000\" \/>\n\t<meta property=\"og:image:height\" content=\"1611\" \/>\n\t<meta property=\"og:image:type\" content=\"image\/jpeg\" \/>\n<meta name=\"twitter:card\" content=\"summary_large_image\" \/>\n<meta name=\"twitter:label1\" content=\"Est. reading time\" \/>\n\t<meta name=\"twitter:data1\" content=\"3 minutes\" \/>\n<!-- \/ Yoast SEO plugin. -->","yoast_head_json":{"title":"The Gelee Mask - Clarita Shop Online","description":"The Gelee Mask es una mascarilla a base de aceites esenciales que aporta todos los nutrientes, vitaminas y \u00e1cidos grasos que el cabello necesita.","robots":{"index":"noindex","follow":"follow","max-snippet":"max-snippet:-1","max-image-preview":"max-image-preview:large","max-video-preview":"max-video-preview:-1"},"og_locale":"en_US","og_type":"article","og_title":"The Gelee Mask - Clarita Shop Online","og_description":"The Gelee Mask es una mascarilla a base de aceites esenciales que aporta todos los nutrientes, vitaminas y \u00e1cidos grasos que el cabello necesita.","og_url":"https:\/\/josevillamizar.es\/en\/lioh-en\/nourish-en\/the-gelee-mask\/","og_site_name":"Clarita Shop Online","article_publisher":"https:\/\/www.facebook.com\/Claritashoponline\/","article_modified_time":"2023-12-27T10:19:43+00:00","og_image":[{"width":2000,"height":1611,"url":"https:\/\/claritashop.com\/wp-content\/uploads\/2023\/02\/The-Gelee-Mask-250ml-1000ml.jpg","type":"image\/jpeg"}],"twitter_card":"summary_large_image","twitter_misc":{"Est. reading time":"3 minutes"},"schema":{"@context":"https:\/\/schema.org","@graph":[{"@type":"WebPage","@id":"https:\/\/josevillamizar.es\/en\/lioh-en\/nourish-en\/the-gelee-mask\/","url":"https:\/\/josevillamizar.es\/en\/lioh-en\/nourish-en\/the-gelee-mask\/","name":"The Gelee Mask - Clarita Shop Online","isPartOf":{"@id":"https:\/\/josevillamizar.es\/en\/#website"},"primaryImageOfPage":{"@id":"https:\/\/josevillamizar.es\/en\/lioh-en\/nourish-en\/the-gelee-mask\/#primaryimage"},"image":{"@id":"https:\/\/josevillamizar.es\/en\/lioh-en\/nourish-en\/the-gelee-mask\/#primaryimage"},"thumbnailUrl":"https:\/\/josevillamizar.es\/wp-content\/uploads\/2023\/02\/The-Gelee-Mask-250ml-1000ml.jpg","datePublished":"2023-02-01T09:13:15+00:00","dateModified":"2023-12-27T10:19:43+00:00","description":"The Gelee Mask es una mascarilla a base de aceites esenciales que aporta todos los nutrientes, vitaminas y \u00e1cidos grasos que el cabello necesita.","breadcrumb":{"@id":"https:\/\/josevillamizar.es\/en\/lioh-en\/nourish-en\/the-gelee-mask\/#breadcrumb"},"inLanguage":"en-US","potentialAction":[{"@type":"ReadAction","target":["https:\/\/josevillamizar.es\/en\/lioh-en\/nourish-en\/the-gelee-mask\/"]}]},{"@type":"ImageObject","inLanguage":"en-US","@id":"https:\/\/josevillamizar.es\/en\/lioh-en\/nourish-en\/the-gelee-mask\/#primaryimage","url":"https:\/\/josevillamizar.es\/wp-content\/uploads\/2023\/02\/The-Gelee-Mask-250ml-1000ml.jpg","contentUrl":"https:\/\/josevillamizar.es\/wp-content\/uploads\/2023\/02\/The-Gelee-Mask-250ml-1000ml.jpg","width":2000,"height":1611,"caption":"LI:OH Products The Gelee Mask 250ml y 1000ml"},{"@type":"BreadcrumbList","@id":"https:\/\/josevillamizar.es\/en\/lioh-en\/nourish-en\/the-gelee-mask\/#breadcrumb","itemListElement":[{"@type":"ListItem","position":1,"name":"Beginning","item":"https:\/\/claritashop.com\/"},{"@type":"ListItem","position":2,"name":"Shop","item":"https:\/\/claritashop.com\/en\/shop\/"},{"@type":"ListItem","position":3,"name":"The Gelee Mask"}]},{"@type":"WebSite","@id":"https:\/\/josevillamizar.es\/en\/#website","url":"https:\/\/josevillamizar.es\/en\/","name":"Clarita Shop Online","description":"Professional cosmetics","publisher":{"@id":"https:\/\/josevillamizar.es\/en\/#organization"},"potentialAction":[{"@type":"SearchAction","target":{"@type":"EntryPoint","urlTemplate":"https:\/\/josevillamizar.es\/en\/?s={search_term_string}"},"query-input":"required name=search_term_string"}],"inLanguage":"en-US"},{"@type":"Organization","@id":"https:\/\/josevillamizar.es\/en\/#organization","name":"Clarita Shop Online | Professional cosmetics","url":"https:\/\/josevillamizar.es\/en\/","logo":{"@type":"ImageObject","inLanguage":"en-US","@id":"https:\/\/josevillamizar.es\/en\/#\/schema\/logo\/image\/","url":"","contentUrl":"","caption":"Clarita Shop Online | Professional cosmetics"},"image":{"@id":"https:\/\/josevillamizar.es\/en\/#\/schema\/logo\/image\/"},"sameAs":["https:\/\/www.facebook.com\/Claritashoponline\/","https:\/\/www.instagram.com\/claritashoponline\/"]}]}},"_links":{"self":[{"href":"https:\/\/josevillamizar.es\/en\/wp-json\/wp\/v2\/product\/14943"}],"collection":[{"href":"https:\/\/josevillamizar.es\/en\/wp-json\/wp\/v2\/product"}],"about":[{"href":"https:\/\/josevillamizar.es\/en\/wp-json\/wp\/v2\/types\/product"}],"replies":[{"embeddable":true,"href":"https:\/\/josevillamizar.es\/en\/wp-json\/wp\/v2\/comments?post=14943"}],"wp:featuredmedia":[{"embeddable":true,"href":"https:\/\/josevillamizar.es\/en\/wp-json\/wp\/v2\/media\/15216"}],"wp:attachment":[{"href":"https:\/\/josevillamizar.es\/en\/wp-json\/wp\/v2\/media?parent=14943"}],"wp:term":[{"taxonomy":"product_cat","embeddable":true,"href":"https:\/\/josevillamizar.es\/en\/wp-json\/wp\/v2\/product_cat?post=14943"},{"taxonomy":"product_tag","embeddable":true,"href":"https:\/\/josevillamizar.es\/en\/wp-json\/wp\/v2\/product_tag?post=14943"}],"curies":[{"name":"wp","href":"https:\/\/api.w.org\/{rel}","templated":true}]}}