{"id":12642,"date":"2021-02-19T22:00:39","date_gmt":"2021-02-19T21:00:39","guid":{"rendered":"https:\/\/claritashop.com\/uncategorized\/bain-densite-homme\/"},"modified":"2024-02-01T00:00:09","modified_gmt":"2024-01-31T23:00:09","slug":"bain-densite-homme","status":"publish","type":"product","link":"https:\/\/josevillamizar.es\/en\/kerastase-en\/densifique-en\/bain-densite-homme\/","title":{"rendered":"Bain Densit\u00e9 Homme"},"content":{"rendered":"<p class=\"p1\">K\u00e9rastase Bain Densit\u00e9 Homme is a daily care shampoo for men experiencing hair loss. In addition, it is a strong treatment adapted to short hair that leaves hair with thicker-looking hair and with more volume.<\/p>\n<p>&nbsp;<\/p>\n<p><strong><span><a onclick=\"read_toggle(98199576, 'READ MORE +', 'READ LESS -'); return false;\" class=\"read-link\" id=\"readlink98199576\" style=\"readlink\" href=\"#\">READ MORE +<\/a><\/span>\n<div class=\"read_div\" id=\"read98199576\" style=\"display: none;\"><br \/>\n<\/strong><\/p>\n<h4><strong>HOW TO USE<\/strong><\/h4>\n<ul>\n<li class=\"li1\">Firstly, distribute Bain Densit\u00e9 Homme K\u00e9rastase evenly on wet hair.<\/li>\n<li class=\"li1\">After that gently massage the scalp and rinse.<\/li>\n<\/ul>\n<h4><strong>BENEFITS<\/strong><\/h4>\n<ul>\n<li class=\"li1\">Hair appears thicker and healthier. <span class=\"Apple-converted-space\">\u00a0<\/span><\/li>\n<li class=\"li1\">Fresh effect and more body.<\/li>\n<li class=\"li1\">Lightweight effect and healthy hair.<\/li>\n<li class=\"li1\">Scalp feels lighter.<\/li>\n<\/ul>\n<h4><strong>INGREDIENTS<\/strong><\/h4>\n<p class=\"p1\"><b>Main ingredient<\/b><strong>:<\/strong><\/p>\n<ul>\n<li>\n<p class=\"p1\"><b>Biotin: <\/b>improves hair quality.<\/p>\n<\/li>\n<li>\n<p class=\"p1\"><b>Texturing polymers: <\/b>creates an immediate densifying action in the hair fibre.<\/p>\n<\/li>\n<\/ul>\n<p class=\"p1\"><b>Complete list of ingredients<\/b><strong>*:<\/strong><\/p>\n<p>Aqua \/ Water, Sodium Laureth Sulfate, Coco-Glucoside, Glycerin, Distearyl Ether, Sodium Chloride, Behenyl Alcohol, Cocamide Mipa, Laureth-2, Ppg-5-Ceteth-20, Sodium Benzoate, Polysilicone-8, Carbomer, Arachidyl Alcohol, Sodium Methylparaben, Salicylic Acid, Taurine, Stearyl Alcohol, Aminomethyl Propanol, Polyquaternium-16, Hexyl Cinnamal, Limonene, Linalool, 2-Oleamido-1,3-Octadecanediol, Hydroxycitronellal, Citronellol, Biotin, Sodium Hydroxide, Citric Acid, Parfum \/ Fragrance<\/p>\n<p>* This list of ingredients may vary since the formula may be updated regularly. To ensure that the list of ingredients is the most recent, we invite you to read the list on the product\u2019s label.<\/p>\n<p><strong><\/div><\/strong><\/p>\n","protected":false},"excerpt":{"rendered":"<p>K\u00e9rastase Bain Densit\u00e9 Homme is a daily care shampoo for men experiencing hair loss.<\/p>\n","protected":false},"featured_media":12241,"comment_status":"open","ping_status":"closed","template":"","meta":{"_uf_show_specific_survey":0,"_uf_disable_surveys":false,"_joinchat":[]},"product_cat":[415,353,359,412,409,407,343],"product_tag":[],"yoast_head":"<!-- This site is optimized with the Yoast SEO plugin v22.6 - https:\/\/yoast.com\/wordpress\/plugins\/seo\/ -->\n<title>Bain Densit\u00e9 Homme - Clarita Shop Online<\/title>\n<meta name=\"description\" content=\"K\u00e9rastase Bain Densit\u00e9 Homme is a daily care shampoo for men experiencing hair loss.\" \/>\n<meta name=\"robots\" content=\"noindex, follow, max-snippet:-1, max-image-preview:large, max-video-preview:-1\" \/>\n<meta property=\"og:locale\" content=\"en_US\" \/>\n<meta property=\"og:type\" content=\"article\" \/>\n<meta property=\"og:title\" content=\"Bain Densit\u00e9 Homme - Clarita Shop Online\" \/>\n<meta property=\"og:description\" content=\"K\u00e9rastase Bain Densit\u00e9 Homme is a daily care shampoo for men experiencing hair loss.\" \/>\n<meta property=\"og:url\" content=\"https:\/\/josevillamizar.es\/en\/kerastase-en\/densifique-en\/bain-densite-homme\/\" \/>\n<meta property=\"og:site_name\" content=\"Clarita Shop Online\" \/>\n<meta property=\"article:publisher\" content=\"https:\/\/www.facebook.com\/Claritashoponline\/\" \/>\n<meta property=\"article:modified_time\" content=\"2024-01-31T23:00:09+00:00\" \/>\n<meta property=\"og:image\" content=\"https:\/\/claritashop.com\/wp-content\/uploads\/2021\/02\/Bain-Densite-Homme-Densifique-250ml-Kerastase.jpg\" \/>\n\t<meta property=\"og:image:width\" content=\"600\" \/>\n\t<meta property=\"og:image:height\" content=\"600\" \/>\n\t<meta property=\"og:image:type\" content=\"image\/jpeg\" \/>\n<meta name=\"twitter:card\" content=\"summary_large_image\" \/>\n<meta name=\"twitter:label1\" content=\"Est. reading time\" \/>\n\t<meta name=\"twitter:data1\" content=\"1 minute\" \/>\n<!-- \/ Yoast SEO plugin. -->","yoast_head_json":{"title":"Bain Densit\u00e9 Homme - Clarita Shop Online","description":"K\u00e9rastase Bain Densit\u00e9 Homme is a daily care shampoo for men experiencing hair loss.","robots":{"index":"noindex","follow":"follow","max-snippet":"max-snippet:-1","max-image-preview":"max-image-preview:large","max-video-preview":"max-video-preview:-1"},"og_locale":"en_US","og_type":"article","og_title":"Bain Densit\u00e9 Homme - Clarita Shop Online","og_description":"K\u00e9rastase Bain Densit\u00e9 Homme is a daily care shampoo for men experiencing hair loss.","og_url":"https:\/\/josevillamizar.es\/en\/kerastase-en\/densifique-en\/bain-densite-homme\/","og_site_name":"Clarita Shop Online","article_publisher":"https:\/\/www.facebook.com\/Claritashoponline\/","article_modified_time":"2024-01-31T23:00:09+00:00","og_image":[{"width":600,"height":600,"url":"https:\/\/claritashop.com\/wp-content\/uploads\/2021\/02\/Bain-Densite-Homme-Densifique-250ml-Kerastase.jpg","type":"image\/jpeg"}],"twitter_card":"summary_large_image","twitter_misc":{"Est. reading time":"1 minute"},"schema":{"@context":"https:\/\/schema.org","@graph":[{"@type":"WebPage","@id":"https:\/\/josevillamizar.es\/en\/kerastase-en\/densifique-en\/bain-densite-homme\/","url":"https:\/\/josevillamizar.es\/en\/kerastase-en\/densifique-en\/bain-densite-homme\/","name":"Bain Densit\u00e9 Homme - Clarita Shop Online","isPartOf":{"@id":"https:\/\/josevillamizar.es\/en\/#website"},"primaryImageOfPage":{"@id":"https:\/\/josevillamizar.es\/en\/kerastase-en\/densifique-en\/bain-densite-homme\/#primaryimage"},"image":{"@id":"https:\/\/josevillamizar.es\/en\/kerastase-en\/densifique-en\/bain-densite-homme\/#primaryimage"},"thumbnailUrl":"https:\/\/josevillamizar.es\/wp-content\/uploads\/2021\/02\/Bain-Densite-Homme-Densifique-250ml-Kerastase.jpg","datePublished":"2021-02-19T21:00:39+00:00","dateModified":"2024-01-31T23:00:09+00:00","description":"K\u00e9rastase Bain Densit\u00e9 Homme is a daily care shampoo for men experiencing hair loss.","breadcrumb":{"@id":"https:\/\/josevillamizar.es\/en\/kerastase-en\/densifique-en\/bain-densite-homme\/#breadcrumb"},"inLanguage":"en-US","potentialAction":[{"@type":"ReadAction","target":["https:\/\/josevillamizar.es\/en\/kerastase-en\/densifique-en\/bain-densite-homme\/"]}]},{"@type":"ImageObject","inLanguage":"en-US","@id":"https:\/\/josevillamizar.es\/en\/kerastase-en\/densifique-en\/bain-densite-homme\/#primaryimage","url":"https:\/\/josevillamizar.es\/wp-content\/uploads\/2021\/02\/Bain-Densite-Homme-Densifique-250ml-Kerastase.jpg","contentUrl":"https:\/\/josevillamizar.es\/wp-content\/uploads\/2021\/02\/Bain-Densite-Homme-Densifique-250ml-Kerastase.jpg","width":600,"height":600,"caption":"Bain Densite Homme Densifique Kerastase"},{"@type":"BreadcrumbList","@id":"https:\/\/josevillamizar.es\/en\/kerastase-en\/densifique-en\/bain-densite-homme\/#breadcrumb","itemListElement":[{"@type":"ListItem","position":1,"name":"Beginning","item":"https:\/\/claritashop.com\/"},{"@type":"ListItem","position":2,"name":"Shop","item":"https:\/\/claritashop.com\/en\/shop\/"},{"@type":"ListItem","position":3,"name":"Bain Densit\u00e9 Homme"}]},{"@type":"WebSite","@id":"https:\/\/josevillamizar.es\/en\/#website","url":"https:\/\/josevillamizar.es\/en\/","name":"Clarita Shop Online","description":"Professional cosmetics","publisher":{"@id":"https:\/\/josevillamizar.es\/en\/#organization"},"potentialAction":[{"@type":"SearchAction","target":{"@type":"EntryPoint","urlTemplate":"https:\/\/josevillamizar.es\/en\/?s={search_term_string}"},"query-input":"required name=search_term_string"}],"inLanguage":"en-US"},{"@type":"Organization","@id":"https:\/\/josevillamizar.es\/en\/#organization","name":"Clarita Shop Online | Professional cosmetics","url":"https:\/\/josevillamizar.es\/en\/","logo":{"@type":"ImageObject","inLanguage":"en-US","@id":"https:\/\/josevillamizar.es\/en\/#\/schema\/logo\/image\/","url":"","contentUrl":"","caption":"Clarita Shop Online | Professional cosmetics"},"image":{"@id":"https:\/\/josevillamizar.es\/en\/#\/schema\/logo\/image\/"},"sameAs":["https:\/\/www.facebook.com\/Claritashoponline\/","https:\/\/www.instagram.com\/claritashoponline\/"]}]}},"_links":{"self":[{"href":"https:\/\/josevillamizar.es\/en\/wp-json\/wp\/v2\/product\/12642"}],"collection":[{"href":"https:\/\/josevillamizar.es\/en\/wp-json\/wp\/v2\/product"}],"about":[{"href":"https:\/\/josevillamizar.es\/en\/wp-json\/wp\/v2\/types\/product"}],"replies":[{"embeddable":true,"href":"https:\/\/josevillamizar.es\/en\/wp-json\/wp\/v2\/comments?post=12642"}],"wp:featuredmedia":[{"embeddable":true,"href":"https:\/\/josevillamizar.es\/en\/wp-json\/wp\/v2\/media\/12241"}],"wp:attachment":[{"href":"https:\/\/josevillamizar.es\/en\/wp-json\/wp\/v2\/media?parent=12642"}],"wp:term":[{"taxonomy":"product_cat","embeddable":true,"href":"https:\/\/josevillamizar.es\/en\/wp-json\/wp\/v2\/product_cat?post=12642"},{"taxonomy":"product_tag","embeddable":true,"href":"https:\/\/josevillamizar.es\/en\/wp-json\/wp\/v2\/product_tag?post=12642"}],"curies":[{"name":"wp","href":"https:\/\/api.w.org\/{rel}","templated":true}]}}